{"id":3695,"date":"2021-05-11T12:26:43","date_gmt":"2021-05-11T12:26:43","guid":{"rendered":"https:\/\/bc3.es\/delegaciones\/"},"modified":"2025-09-30T11:51:54","modified_gmt":"2025-09-30T11:51:54","slug":"delegaciones","status":"publish","type":"page","link":"https:\/\/bc3.es\/en\/delegaciones\/","title":{"rendered":"DELEGACIONES"},"content":{"rendered":"\t\t<div data-elementor-type=\"wp-page\" data-elementor-id=\"3695\" class=\"elementor elementor-3695 elementor-482\">\n\t\t\t\t\t\t<section class=\"elementor-section elementor-top-section elementor-element elementor-element-5e5df62a elementor-section-content-middle elementor-section-boxed elementor-section-height-default elementor-section-height-default\" data-id=\"5e5df62a\" data-element_type=\"section\" data-settings=\"{&quot;background_background&quot;:&quot;video&quot;,&quot;background_video_link&quot;:&quot;http:\\\/\\\/bc3.es\\\/wp-content\\\/uploads\\\/cabeceranosotros.mp4&quot;,&quot;background_play_once&quot;:&quot;yes&quot;,&quot;ekit_has_onepagescroll_dot&quot;:&quot;yes&quot;}\">\n\t\t\t\t\t\t\t\t<div class=\"elementor-background-video-container elementor-hidden-mobile\" aria-hidden=\"true\">\n\t\t\t\t\t\t\t\t\t\t\t\t\t<video class=\"elementor-background-video-hosted\" autoplay muted playsinline><\/video>\n\t\t\t\t\t\t\t\t\t\t\t<\/div>\n\t\t\t\t\t\t\t\t\t<div class=\"elementor-background-overlay\"><\/div>\n\t\t\t\t\t\t\t<div class=\"elementor-container elementor-column-gap-default\">\n\t\t\t\t\t<div class=\"elementor-column elementor-col-50 elementor-top-column elementor-element elementor-element-46fa1303\" data-id=\"46fa1303\" data-element_type=\"column\">\n\t\t\t<div class=\"elementor-widget-wrap elementor-element-populated\">\n\t\t\t\t\t\t<div class=\"elementor-element elementor-element-531c1b97 elementor-widget elementor-widget-heading\" data-id=\"531c1b97\" data-element_type=\"widget\" data-settings=\"{&quot;ekit_we_effect_on&quot;:&quot;none&quot;}\" data-widget_type=\"heading.default\">\n\t\t\t\t<div class=\"elementor-widget-container\">\n\t\t\t\t\t<h2 class=\"elementor-heading-title elementor-size-default\">Nuestras delegaciones<\/h2>\t\t\t\t<\/div>\n\t\t\t\t<\/div>\n\t\t\t\t\t<\/div>\n\t\t<\/div>\n\t\t\t\t<div class=\"elementor-column elementor-col-50 elementor-top-column elementor-element elementor-element-1bc0eefb\" data-id=\"1bc0eefb\" data-element_type=\"column\">\n\t\t\t<div class=\"elementor-widget-wrap elementor-element-populated\">\n\t\t\t\t\t\t<div class=\"elementor-element elementor-element-1a59fa3b elementor-icon-list--layout-inline elementor-align-right elementor-mobile-align-center elementor-list-item-link-full_width elementor-widget elementor-widget-icon-list\" data-id=\"1a59fa3b\" data-element_type=\"widget\" data-settings=\"{&quot;ekit_we_effect_on&quot;:&quot;none&quot;}\" data-widget_type=\"icon-list.default\">\n\t\t\t\t<div class=\"elementor-widget-container\">\n\t\t\t\t\t\t\t<ul class=\"elementor-icon-list-items elementor-inline-items\">\n\t\t\t\t\t\t\t<li class=\"elementor-icon-list-item elementor-inline-item\">\n\t\t\t\t\t\t\t\t\t\t<span class=\"elementor-icon-list-text\">Home<\/span>\n\t\t\t\t\t\t\t\t\t<\/li>\n\t\t\t\t\t\t\t\t<li class=\"elementor-icon-list-item elementor-inline-item\">\n\t\t\t\t\t\t\t\t\t\t\t<span class=\"elementor-icon-list-icon\">\n\t\t\t\t\t\t\t<i aria-hidden=\"true\" class=\"fas fa-angle-right\"><\/i>\t\t\t\t\t\t<\/span>\n\t\t\t\t\t\t\t\t\t\t<span class=\"elementor-icon-list-text\">Delegaciones<\/span>\n\t\t\t\t\t\t\t\t\t<\/li>\n\t\t\t\t\t\t<\/ul>\n\t\t\t\t\t\t<\/div>\n\t\t\t\t<\/div>\n\t\t\t\t\t<\/div>\n\t\t<\/div>\n\t\t\t\t\t<\/div>\n\t\t<\/section>\n\t\t\t\t<section class=\"elementor-section elementor-top-section elementor-element elementor-element-45fdcd3d elementor-section-content-middle elementor-section-boxed elementor-section-height-default elementor-section-height-default\" data-id=\"45fdcd3d\" data-element_type=\"section\" data-settings=\"{&quot;background_background&quot;:&quot;classic&quot;,&quot;ekit_has_onepagescroll_dot&quot;:&quot;yes&quot;}\">\n\t\t\t\t\t\t<div class=\"elementor-container elementor-column-gap-default\">\n\t\t\t\t\t<div class=\"elementor-column elementor-col-50 elementor-top-column elementor-element elementor-element-51e8b722 elementor-hidden-phone\" data-id=\"51e8b722\" data-element_type=\"column\" data-settings=\"{&quot;background_background&quot;:&quot;classic&quot;}\">\n\t\t\t<div class=\"elementor-widget-wrap elementor-element-populated\">\n\t\t\t\t\t\t<div class=\"elementor-element elementor-element-65dda5d elementor-widget elementor-widget-heading\" data-id=\"65dda5d\" data-element_type=\"widget\" data-settings=\"{&quot;ekit_we_effect_on&quot;:&quot;none&quot;}\" data-widget_type=\"heading.default\">\n\t\t\t\t<div class=\"elementor-widget-container\">\n\t\t\t\t\t<h2 class=\"elementor-heading-title elementor-size-default\">Contactar<\/h2>\t\t\t\t<\/div>\n\t\t\t\t<\/div>\n\t\t\t\t<div class=\"elementor-element elementor-element-383c9c12 elementor-widget elementor-widget-elementskit-contact-form7\" data-id=\"383c9c12\" data-element_type=\"widget\" data-settings=\"{&quot;ekit_we_effect_on&quot;:&quot;none&quot;}\" data-widget_type=\"elementskit-contact-form7.default\">\n\t\t\t\t<div class=\"elementor-widget-container\">\n\t\t\t\t\t<div class=\"ekit-wid-con\" ><div class=\"ekit-form\">\n<div class=\"wpcf7 no-js\" id=\"wpcf7-f3706-p3695-o1\" lang=\"en-US\" dir=\"ltr\" data-wpcf7-id=\"3706\">\n<div class=\"screen-reader-response\"><p role=\"status\" aria-live=\"polite\" aria-atomic=\"true\"><\/p> <ul><\/ul><\/div>\n<form action=\"\/en\/delegaciones\/#wpcf7-f3706-p3695-o1\" method=\"post\" class=\"wpcf7-form init\" aria-label=\"Contact form\" novalidate=\"novalidate\" data-status=\"init\">\n<fieldset class=\"hidden-fields-container\"><input type=\"hidden\" name=\"_wpcf7\" value=\"3706\" \/><input type=\"hidden\" name=\"_wpcf7_version\" value=\"6.1.5\" \/><input type=\"hidden\" name=\"_wpcf7_locale\" value=\"en_US\" \/><input type=\"hidden\" name=\"_wpcf7_unit_tag\" value=\"wpcf7-f3706-p3695-o1\" \/><input type=\"hidden\" name=\"_wpcf7_container_post\" value=\"3695\" \/><input type=\"hidden\" name=\"_wpcf7_posted_data_hash\" value=\"\" \/><input type=\"hidden\" name=\"_wpcf7_recaptcha_response\" value=\"\" \/>\n<\/fieldset>\n<div class=\"column one-second\">\n\t<p><label><span class=\"wpcf7-form-control-wrap\" data-name=\"your-name\"><input size=\"40\" maxlength=\"400\" class=\"wpcf7-form-control wpcf7-text wpcf7-validates-as-required\" aria-required=\"true\" aria-invalid=\"false\" placeholder=\"Nombre\" value=\"\" type=\"text\" name=\"your-name\" \/><\/span><\/label>\n\t<\/p>\n<\/div>\n<div class=\"column one-second\">\n\t<p><label><span class=\"wpcf7-form-control-wrap\" data-name=\"your-mail\"><input size=\"40\" maxlength=\"400\" class=\"wpcf7-form-control wpcf7-text wpcf7-validates-as-required\" aria-required=\"true\" aria-invalid=\"false\" placeholder=\"E-mail\" value=\"\" type=\"text\" name=\"your-mail\" \/><\/span><\/label>\n\t<\/p>\n<\/div>\n<div class=\"column one-second\">\n\t<p><label><span class=\"wpcf7-form-control-wrap\" data-name=\"your-phone\"><input size=\"40\" maxlength=\"400\" class=\"wpcf7-form-control wpcf7-text wpcf7-validates-as-required\" aria-required=\"true\" aria-invalid=\"false\" placeholder=\"Tel\u00e9fono\" value=\"\" type=\"text\" name=\"your-phone\" \/><\/span><\/label>\n\t<\/p>\n<\/div>\n<div class=\"column one\">\n\t<p><label style=\"width:88.5%;\"><span class=\"wpcf7-form-control-wrap\" data-name=\"delegacion\"><select class=\"wpcf7-form-control wpcf7-select wpcf7-validates-as-required\" aria-required=\"true\" aria-invalid=\"false\" name=\"delegacion\"><option value=\"\">&#8212;Please choose an option&#8212;<\/option><option value=\"Sevilla\">Sevilla<\/option><option value=\"Granada\">Granada<\/option><option value=\"Murcia\">Murcia<\/option><option value=\"Alicante\">Alicante<\/option><option value=\"Valencia\">Valencia<\/option><option value=\"Barcelona\">Barcelona<\/option><option value=\"Madrid\">Madrid<\/option><\/select><\/span><\/label>\n\t<\/p>\n<\/div>\n<div class=\"column one-second\">\n\t<p><label><span class=\"wpcf7-form-control-wrap\" data-name=\"your-localidad\"><input size=\"40\" maxlength=\"400\" class=\"wpcf7-form-control wpcf7-text\" aria-invalid=\"false\" placeholder=\"Localidad\" value=\"\" type=\"text\" name=\"your-localidad\" \/><\/span><\/label>\n\t<\/p>\n<\/div>\n<div class=\"column one\">\n\t<p><label><span class=\"wpcf7-form-control-wrap\" data-name=\"your-message\"><textarea cols=\"40\" rows=\"10\" maxlength=\"2000\" class=\"wpcf7-form-control wpcf7-textarea\" aria-invalid=\"false\" placeholder=\"Mensaje\" name=\"your-message\"><\/textarea><\/span> <\/label>\n\t<\/p>\n<\/div>\n<div class=\"column one\">\n\t<p><input class=\"wpcf7-form-control wpcf7-submit has-spinner button_full_width\" type=\"submit\" value=\"Enviar\" \/>\n\t<\/p>\n<\/div><p style=\"display: none !important;\" class=\"akismet-fields-container\" data-prefix=\"_wpcf7_ak_\"><label>&#916;<textarea name=\"_wpcf7_ak_hp_textarea\" cols=\"45\" rows=\"8\" maxlength=\"100\"><\/textarea><\/label><input type=\"hidden\" id=\"ak_js_1\" name=\"_wpcf7_ak_js\" value=\"157\"\/><script>document.getElementById( \"ak_js_1\" ).setAttribute( \"value\", ( new Date() ).getTime() );<\/script><\/p><div class=\"wpcf7-response-output\" aria-hidden=\"true\"><\/div>\n<\/form>\n<\/div>\n<\/div><\/div>\t\t\t\t<\/div>\n\t\t\t\t<\/div>\n\t\t\t\t\t<\/div>\n\t\t<\/div>\n\t\t\t\t<div class=\"elementor-column elementor-col-50 elementor-top-column elementor-element elementor-element-1cadc7ac\" data-id=\"1cadc7ac\" data-element_type=\"column\">\n\t\t\t<div class=\"elementor-widget-wrap elementor-element-populated\">\n\t\t\t\t\t\t<div class=\"elementor-element elementor-element-2c0f66f9 elementor-widget elementor-widget-heading\" data-id=\"2c0f66f9\" data-element_type=\"widget\" data-settings=\"{&quot;ekit_we_effect_on&quot;:&quot;none&quot;}\" data-widget_type=\"heading.default\">\n\t\t\t\t<div class=\"elementor-widget-container\">\n\t\t\t\t\t<h2 class=\"elementor-heading-title elementor-size-default\">delegaciones<\/h2>\t\t\t\t<\/div>\n\t\t\t\t<\/div>\n\t\t\t\t<div class=\"elementor-element elementor-element-7a246e9d elementor-widget elementor-widget-text-editor\" data-id=\"7a246e9d\" data-element_type=\"widget\" data-settings=\"{&quot;ekit_we_effect_on&quot;:&quot;none&quot;}\" data-widget_type=\"text-editor.default\">\n\t\t\t\t<div class=\"elementor-widget-container\">\n\t\t\t\t\t\t\t\t\t<p>Disponemos de delegaciones que cubren todo el territorio nacional, para cubrir todas las necesidades tanto de dise\u00f1o, fabricaci\u00f3n como distribuci\u00f3n, para que tengas la cocina instalada que tu quieres. Si necesitas contactar con alguna de nuestras delegaciones, puedes ver los datos de contacto de cada una. De todos modos puedes utilizar nuestro formulario para mayor comodidad.<\/p>\t\t\t\t\t\t\t\t<\/div>\n\t\t\t\t<\/div>\n\t\t\t\t<div class=\"elementor-element elementor-element-ead0d66 elementor-widget elementor-widget-elementskit-hotspot\" data-id=\"ead0d66\" data-element_type=\"widget\" data-settings=\"{&quot;ekit_we_effect_on&quot;:&quot;none&quot;}\" data-widget_type=\"elementskit-hotspot.default\">\n\t\t\t\t<div class=\"elementor-widget-container\">\n\t\t\t\t\t<div class=\"ekit-wid-con\" >\r\n        <div class=\"ekit-location-groups\">\r\n            <div class=\"ekit-map-image text-center\">\r\n                <img decoding=\"async\" src=\"http:\/\/bc3.es\/wp-content\/uploads\/2021\/05\/spains.png\" alt=\"map\">\r\n            <\/div>\r\n            <div class=\"ekit-location-wraper clearfix\">\r\n                \r\n<div class=\"ekit-location elementor-repeater-item-19aa629 ekit-location-on-hover   \">\r\n    <div class=\"ekit-location_outer\">\r\n        <div class=\"media ekit-flex-column ekit-location_inner\">\r\n            \r\n                            <div class=\"ekit_hotspot_image\">\r\n                    <img src='https:\/\/bc3.es\/wp-content\/uploads\/2021\/05\/NUEVO-LOGO-BC3.png' alt=''>\r\n                <\/div>\r\n                            <div class='media-body'>\r\n                                        <h3 class=\"ekit-hotspot-title\">SEVILLA<\/h3>\r\n                                                            <div class=\"ekit-location-des\">\r\n                        <p class=\"big\">C\/ Rio Viejo, 74 41700<br \/>Dos Hermanas (Sevilla)<\/p><p class=\"hrmargin_b_4 big\">Correo electr\u00f3nico:\u00a0<a href=\"mailto:info.sevilla@bc3.es\">info.sevilla@bc3.es<\/a><\/p><p class=\"hrmargin_b_4 big\">Tel\u00e9fono:\u00a0<a href=\"tel:0034954931398\">+34 954 931 398<\/a><\/p>                    <\/div>\r\n                                    <\/div>\r\n                    <\/div>\r\n    <\/div>\r\n    <div class=\"ekit-location_indicator\">\r\n                    <div class=\"ekit_hotspot_pulse_1\"><\/div>\r\n            <div class=\"ekit_hotspot_pulse_2\"><\/div>\r\n                            <div class=\"ekit_hotspot_arrow\"><\/div>\r\n            <\/div>\r\n<\/div>\r\n<div class=\"ekit-location elementor-repeater-item-be91866 ekit-location-on-hover   \">\r\n    <div class=\"ekit-location_outer\">\r\n        <div class=\"media ekit-flex-column ekit-location_inner\">\r\n            \r\n                            <div class=\"ekit_hotspot_image\">\r\n                    <img src='https:\/\/bc3.es\/wp-content\/uploads\/2021\/05\/NUEVO-LOGO-BC3.png' alt=''>\r\n                <\/div>\r\n                            <div class='media-body'>\r\n                                        <h3 class=\"ekit-hotspot-title\">GRANADA<\/h3>\r\n                                                            <div class=\"ekit-location-des\">\r\n                        <p class=\"big\">Pol\u00edgono Industrial Hurpe,<br \/>Calle Santa Rosa 30, <br \/>18230 Atarfe Granada<\/p><p class=\"hrmargin_b_4 big\">Correo electr\u00f3nico:\u00a0<a href=\"mailto:info.granada@bc3.es\">info.granada@bc3.es<\/a><\/p><p class=\"hrmargin_b_4 big\">Tel\u00e9fono:\u00a0<a href=\"tel:0034958288916\">+34 958 288 964<\/a><\/p>                    <\/div>\r\n                                    <\/div>\r\n                    <\/div>\r\n    <\/div>\r\n    <div class=\"ekit-location_indicator\">\r\n                    <div class=\"ekit_hotspot_pulse_1\"><\/div>\r\n            <div class=\"ekit_hotspot_pulse_2\"><\/div>\r\n                            <div class=\"ekit_hotspot_arrow\"><\/div>\r\n            <\/div>\r\n<\/div>\r\n<div class=\"ekit-location elementor-repeater-item-304e29a ekit-location-on-hover   \">\r\n    <div class=\"ekit-location_outer\">\r\n        <div class=\"media ekit-flex-column ekit-location_inner\">\r\n            \r\n                            <div class=\"ekit_hotspot_image\">\r\n                    <img src='https:\/\/bc3.es\/wp-content\/uploads\/2021\/05\/NUEVO-LOGO-BC3.png' alt=''>\r\n                <\/div>\r\n                            <div class='media-body'>\r\n                                        <h3 class=\"ekit-hotspot-title\">MURCIA<\/h3>\r\n                                                            <div class=\"ekit-location-des\">\r\n                        <p class=\"big\">Pol. Ind. Oeste - Avda. Francisco Salzillo 27<br \/>30169 San Gin\u00e9s (Murcia)<\/p><p class=\"hrmargin_b_4 big\">Correo electr\u00f3nico:\u00a0<a href=\"mailto:info.murcia@bc3.es\">info.murcia@bc3.es<\/a><\/p><p class=\"hrmargin_b_4 big\">Tel\u00e9fono:\u00a0<a href=\"tel:0034968880820\">+34 968 880 820<\/a><\/p>                    <\/div>\r\n                                    <\/div>\r\n                    <\/div>\r\n    <\/div>\r\n    <div class=\"ekit-location_indicator\">\r\n                    <div class=\"ekit_hotspot_pulse_1\"><\/div>\r\n            <div class=\"ekit_hotspot_pulse_2\"><\/div>\r\n                            <div class=\"ekit_hotspot_arrow\"><\/div>\r\n            <\/div>\r\n<\/div>\r\n<div class=\"ekit-location elementor-repeater-item-e98e739 ekit-location-on-hover   \">\r\n    <div class=\"ekit-location_outer\">\r\n        <div class=\"media ekit-flex-column ekit-location_inner\">\r\n            \r\n                            <div class=\"ekit_hotspot_image\">\r\n                    <img src='https:\/\/bc3.es\/wp-content\/uploads\/2021\/05\/NUEVO-LOGO-BC3.png' alt=''>\r\n                <\/div>\r\n                            <div class='media-body'>\r\n                                        <h3 class=\"ekit-hotspot-title\">ALICANTE<\/h3>\r\n                                                            <div class=\"ekit-location-des\">\r\n                        <p class=\"big\">Pol. Ind. Pla de la Vallonga<br \/>Calle Nieve, 1<br \/>03006 Alicante \u200e(Alicante)<\/p><p class=\"hrmargin_b_4 big\">Correo electr\u00f3nico:\u00a0<a href=\"mailto:info.alicante@bc3.es\">info.alicante@bc3.es<\/a><\/p><p class=\"hrmargin_b_4 big\">Tel\u00e9fono:\u00a0<a href=\"tel:0034965115171\">+34 965 11 51 71<\/a><\/p>                    <\/div>\r\n                                    <\/div>\r\n                    <\/div>\r\n    <\/div>\r\n    <div class=\"ekit-location_indicator\">\r\n                    <div class=\"ekit_hotspot_pulse_1\"><\/div>\r\n            <div class=\"ekit_hotspot_pulse_2\"><\/div>\r\n                            <div class=\"ekit_hotspot_arrow\"><\/div>\r\n            <\/div>\r\n<\/div>\r\n<div class=\"ekit-location elementor-repeater-item-595530a ekit-location-on-hover   \">\r\n    <div class=\"ekit-location_outer\">\r\n        <div class=\"media ekit-flex-column ekit-location_inner\">\r\n            \r\n                            <div class=\"ekit_hotspot_image\">\r\n                    <img src='https:\/\/bc3.es\/wp-content\/uploads\/2021\/05\/NUEVO-LOGO-BC3.png' alt=''>\r\n                <\/div>\r\n                            <div class='media-body'>\r\n                                        <h3 class=\"ekit-hotspot-title\">VALENCIA<\/h3>\r\n                                                            <div class=\"ekit-location-des\">\r\n                        <p class=\"big\">C\/ Cami Misana, 23<br \/>46260 Alberic (Valencia)<\/p><p class=\"hrmargin_b_4 big\">Correo electr\u00f3nico:\u00a0<a href=\"mailto:info.valencia@bc3.es\">info.valencia@bc3.es<\/a><\/p><p class=\"hrmargin_b_4 big\">Tel\u00e9fono:\u00a0<a href=\"tel:0034962446231\">+34 962 446 231<\/a><\/p>                    <\/div>\r\n                                    <\/div>\r\n                    <\/div>\r\n    <\/div>\r\n    <div class=\"ekit-location_indicator\">\r\n                    <div class=\"ekit_hotspot_pulse_1\"><\/div>\r\n            <div class=\"ekit_hotspot_pulse_2\"><\/div>\r\n                            <div class=\"ekit_hotspot_arrow\"><\/div>\r\n            <\/div>\r\n<\/div>\r\n<div class=\"ekit-location elementor-repeater-item-232681a ekit-location-on-hover   \">\r\n    <div class=\"ekit-location_outer\">\r\n        <div class=\"media ekit-flex-column ekit-location_inner\">\r\n            \r\n                            <div class=\"ekit_hotspot_image\">\r\n                    <img src='https:\/\/bc3.es\/wp-content\/uploads\/2021\/05\/NUEVO-LOGO-BC3.png' alt=''>\r\n                <\/div>\r\n                            <div class='media-body'>\r\n                                        <h3 class=\"ekit-hotspot-title\">BARCELONA<\/h3>\r\n                                                            <div class=\"ekit-location-des\">\r\n                        <p class=\"big\">Pol. Ind. Llevant - C\/ La Bassa 11, Nave 5<br \/>08150 Parets del Valles (Barcelona)<\/p><p class=\"hrmargin_b_4 big\">Correo electr\u00f3nico:\u00a0<a href=\"mailto:info.catalunya@bc3.es\">info.catalunya@bc3.es<\/a><\/p><p class=\"hrmargin_b_4 big\">Tel\u00e9fono:\u00a0<a href=\"tel:0034931124438\">+34 931 124 438<\/a><\/p>                    <\/div>\r\n                                    <\/div>\r\n                    <\/div>\r\n    <\/div>\r\n    <div class=\"ekit-location_indicator\">\r\n                    <div class=\"ekit_hotspot_pulse_1\"><\/div>\r\n            <div class=\"ekit_hotspot_pulse_2\"><\/div>\r\n                            <div class=\"ekit_hotspot_arrow\"><\/div>\r\n            <\/div>\r\n<\/div>\r\n<div class=\"ekit-location elementor-repeater-item-2ef42ce ekit-location-on-hover   \">\r\n    <div class=\"ekit-location_outer\">\r\n        <div class=\"media ekit-flex-column ekit-location_inner\">\r\n            \r\n                            <div class=\"ekit_hotspot_image\">\r\n                    <img src='https:\/\/bc3.es\/wp-content\/uploads\/2021\/05\/NUEVO-LOGO-BC3.png' alt=''>\r\n                <\/div>\r\n                            <div class='media-body'>\r\n                                        <h3 class=\"ekit-hotspot-title\">MADRID<\/h3>\r\n                                                            <div class=\"ekit-location-des\">\r\n                        <p>Correo electr\u00f3nico:\u00a0<a href=\"arocop@bc3.es\">arocop@bc3.es<\/a><\/p>                    <\/div>\r\n                                    <\/div>\r\n                    <\/div>\r\n    <\/div>\r\n    <div class=\"ekit-location_indicator\">\r\n                    <div class=\"ekit_hotspot_pulse_1\"><\/div>\r\n            <div class=\"ekit_hotspot_pulse_2\"><\/div>\r\n                            <div class=\"ekit_hotspot_arrow\"><\/div>\r\n            <\/div>\r\n<\/div>\r\n            <\/div><!-- .location-wraper END -->\r\n        <\/div>\r\n    <\/div>\t\t\t\t<\/div>\n\t\t\t\t<\/div>\n\t\t\t\t\t<\/div>\n\t\t<\/div>\n\t\t\t\t\t<\/div>\n\t\t<\/section>\n\t\t\t\t<\/div>\n\t\t","protected":false},"excerpt":{"rendered":"<p>Nuestras delegaciones Home Delegaciones Contactar &#8212;Por favor, elige una opci\u00f3n&#8212;SevillaGranadaMurciaAlicanteValenciaBarcelonaMadrid &#916; delegaciones Disponemos de delegaciones que cubren todo el territorio nacional, para cubrir todas las necesidades tanto de dise\u00f1o, fabricaci\u00f3n como distribuci\u00f3n, para que tengas la cocina instalada que tu quieres. Si necesitas contactar con alguna de nuestras delegaciones, puedes ver los datos de contacto [&hellip;]<\/p>\n","protected":false},"author":10,"featured_media":0,"parent":0,"menu_order":0,"comment_status":"closed","ping_status":"closed","template":"elementor_header_footer","meta":{"_monsterinsights_skip_tracking":false,"_monsterinsights_sitenote_active":false,"_monsterinsights_sitenote_note":"","_monsterinsights_sitenote_category":0,"footnotes":""},"class_list":["post-3695","page","type-page","status-publish","hentry"],"_links":{"self":[{"href":"https:\/\/bc3.es\/en\/wp-json\/wp\/v2\/pages\/3695","targetHints":{"allow":["GET"]}}],"collection":[{"href":"https:\/\/bc3.es\/en\/wp-json\/wp\/v2\/pages"}],"about":[{"href":"https:\/\/bc3.es\/en\/wp-json\/wp\/v2\/types\/page"}],"author":[{"embeddable":true,"href":"https:\/\/bc3.es\/en\/wp-json\/wp\/v2\/users\/10"}],"replies":[{"embeddable":true,"href":"https:\/\/bc3.es\/en\/wp-json\/wp\/v2\/comments?post=3695"}],"version-history":[{"count":33,"href":"https:\/\/bc3.es\/en\/wp-json\/wp\/v2\/pages\/3695\/revisions"}],"predecessor-version":[{"id":12712,"href":"https:\/\/bc3.es\/en\/wp-json\/wp\/v2\/pages\/3695\/revisions\/12712"}],"wp:attachment":[{"href":"https:\/\/bc3.es\/en\/wp-json\/wp\/v2\/media?parent=3695"}],"curies":[{"name":"wp","href":"https:\/\/api.w.org\/{rel}","templated":true}]}}