{"id":3859,"date":"2021-06-24T17:58:40","date_gmt":"2021-06-24T17:58:40","guid":{"rendered":"https:\/\/bc3.es\/politica-de-cookies\/"},"modified":"2021-10-20T07:42:10","modified_gmt":"2021-10-20T07:42:10","slug":"politica-de-cookies","status":"publish","type":"page","link":"https:\/\/bc3.es\/en\/politica-de-cookies\/","title":{"rendered":"COOKIES POLICY"},"content":{"rendered":"\n<h3 class=\"wp-block-heading\">Definici\u00f3n de cookies<\/h3>\n\n\n\n<hr class=\"wp-block-separator\"\/>\n\n\n\n<p>Las cookies son identificadores que enviamos al disco duro de su ordenador a trav\u00e9s de su navegador Web con el fin de que nuestros sistemas puedan reconocer su navegador y ofrecerle ciertos servicios, a continuaci\u00f3n se detallan las cookies utilizadas en ilorcitana.com.<\/p>\n\n\n\n<h3 class=\"wp-block-heading\">Cookies utilizadas<\/h3>\n\n\n\n<hr class=\"wp-block-separator\"\/>\n\n\n\n<figure class=\"wp-block-table\"><table><thead><tr><th>Cookie<\/th><th>Informaci\u00f3n recogida<\/th><th>Periodo de validez<\/th><\/tr><\/thead><tbody><tr><td>ci_session<\/td><td>Informaci\u00f3n sobre la sesi\u00f3n del usuario<\/td><td>6 meses<\/td><\/tr><tr><td>user_language<\/td><td>Informaci\u00f3n sobre el lenguaje del usuario<\/td><td>6 meses<\/td><\/tr><tr><td>cookies_accepted<\/td><td>Informaci\u00f3n si el usuario acepta las cookies<\/td><td>6 meses<\/td><\/tr><\/tbody><\/table><\/figure>\n\n\n\n<h3 class=\"wp-block-heading\">C\u00f3mo deshabilitar las Cookies en los principales navegadores:<\/h3>\n\n\n\n<hr class=\"wp-block-separator\"\/>\n\n\n\n<p>Normalmente es posible dejar de aceptar las Cookies del navegador, o dejar de aceptar las Cookies de un Servicio en particular.<br><br>Todos los navegadores modernos permiten cambiar la configuraci\u00f3n de Cookies. Estos ajustes normalmente se encuentra en las \u2018opciones\u2019 o \u2018Preferencias\u2019 del men\u00fa de su navegador. Asimismo, puede configurar su navegador o su gestor de correo electr\u00f3nico.<br><br>A continuaci\u00f3n se ofrece orientaci\u00f3n al Usuario sobre los pasos para acceder al men\u00fa de configuraci\u00f3n de las cookies y, en su caso, de la navegaci\u00f3n privada en cada uno de los navegadores principales:<br><br><strong>Internet Explorer:<\/strong>&nbsp;Herramientas -&gt; Opciones de Internet -&gt; Privacidad -&gt; Configuraci\u00f3n. Para m\u00e1s informaci\u00f3n, puede consultar el soporte de Microsoft o la Ayuda del navegador.<br><br><strong>Firefox:<\/strong>&nbsp;Herramientas -&gt; Opciones -&gt; Privacidad -&gt; Historial -&gt; Configuraci\u00f3n Personalizada. Para m\u00e1s informaci\u00f3n, puede consultar el soporte de Mozilla o la Ayuda del navegador.<br><br><strong>Chrome:<\/strong>&nbsp;Configuraci\u00f3n -&gt; Mostrar opciones avanzadas -&gt; Privacidad -&gt; Configuraci\u00f3n de contenido. Para m\u00e1s informaci\u00f3n, puede consultar el&nbsp;<a href=\"http:\/\/support.google.com\/chrome\/?hl=es\">soporte de Google<\/a>&nbsp;o la Ayuda del navegador.<br><br><strong>Safari:<\/strong>&nbsp;Preferencias -&gt; Seguridad. Para m\u00e1s informaci\u00f3n, puede consultar el&nbsp;<a href=\"http:\/\/www.apple.com\/es\/support\/safari\/\">soporte de Apple<\/a>&nbsp;o la Ayuda del navegador.<br><\/p>\n\n\n\n<h3 class=\"wp-block-heading\">\u00bfQu\u00e9 ocurre si se deshabilitan las Cookies?<\/h3>\n\n\n\n<hr class=\"wp-block-separator\"\/>\n\n\n\n<p>Algunas funcionalidades de los Servicios quedar\u00e1n deshabilitados como, por ejemplo, permanecer identificado, mantener las compras en el \u201ccarrito de la compra\u201d, etc.<\/p>\n","protected":false},"excerpt":{"rendered":"<p>Definici\u00f3n de cookies Las cookies son identificadores que enviamos al disco duro de su ordenador a trav\u00e9s de su navegador Web con el fin de que nuestros sistemas puedan reconocer su navegador y ofrecerle ciertos servicios, a continuaci\u00f3n se detallan las cookies utilizadas en ilorcitana.com. Cookies utilizadas Cookie Informaci\u00f3n recogida Periodo de validez ci_session Informaci\u00f3n [&hellip;]<\/p>\n","protected":false},"author":10,"featured_media":0,"parent":0,"menu_order":0,"comment_status":"closed","ping_status":"closed","template":"","meta":{"_monsterinsights_skip_tracking":false,"_monsterinsights_sitenote_active":false,"_monsterinsights_sitenote_note":"","_monsterinsights_sitenote_category":0,"footnotes":""},"class_list":["post-3859","page","type-page","status-publish","hentry"],"_links":{"self":[{"href":"https:\/\/bc3.es\/en\/wp-json\/wp\/v2\/pages\/3859","targetHints":{"allow":["GET"]}}],"collection":[{"href":"https:\/\/bc3.es\/en\/wp-json\/wp\/v2\/pages"}],"about":[{"href":"https:\/\/bc3.es\/en\/wp-json\/wp\/v2\/types\/page"}],"author":[{"embeddable":true,"href":"https:\/\/bc3.es\/en\/wp-json\/wp\/v2\/users\/10"}],"replies":[{"embeddable":true,"href":"https:\/\/bc3.es\/en\/wp-json\/wp\/v2\/comments?post=3859"}],"version-history":[{"count":1,"href":"https:\/\/bc3.es\/en\/wp-json\/wp\/v2\/pages\/3859\/revisions"}],"predecessor-version":[{"id":3866,"href":"https:\/\/bc3.es\/en\/wp-json\/wp\/v2\/pages\/3859\/revisions\/3866"}],"wp:attachment":[{"href":"https:\/\/bc3.es\/en\/wp-json\/wp\/v2\/media?parent=3859"}],"curies":[{"name":"wp","href":"https:\/\/api.w.org\/{rel}","templated":true}]}}