{"id":3854,"date":"2021-06-24T17:57:08","date_gmt":"2021-06-24T17:57:08","guid":{"rendered":"https:\/\/bc3.es\/politica-de-privacidad\/"},"modified":"2021-10-20T07:41:48","modified_gmt":"2021-10-20T07:41:48","slug":"politica-de-privacidad","status":"publish","type":"page","link":"https:\/\/bc3.es\/fr\/politica-de-privacidad\/","title":{"rendered":"POLITIQUE DE CONFIDENTIALIT\u00c9"},"content":{"rendered":"\n<p>BC3 COCINAS informa seguidamente de su pol\u00edtica de privacidad aplicada a los datos personales. El uso de la p\u00e1gina web no implica que el usuario deba suministrar informaci\u00f3n alguna respecto a su identidad, no pudiendo ser asociada a un usuario concreto por la empresa. En el supuesto que se suministre datos de car\u00e1cter de personal, estos datos ser\u00e1n recogidos y utilizados conforme a las limitaciones y los derechos recogidos en la citada norma.<\/p>\n\n\n\n<h3 class=\"wp-block-heading\">\u00bfQui\u00e9n es el Responsable del tratamiento de sus datos?<\/h3>\n\n\n\n<hr class=\"wp-block-separator\"\/>\n\n\n\n<figure class=\"wp-block-table\"><table><thead><tr><th>Identidad<\/th><th>Nombre<\/th><th>CIF<\/th><th>Domicilio postal<\/th><th><strong>E-mail<\/strong><\/th><th><strong>Tel\u00e9fono<\/strong><\/th><\/tr><\/thead><tbody><tr><td>BC3 COCINAS<\/td><td>BRICOSURESTE, S.L.<\/td><td>B30513014<\/td><td>P. IND. OESTE, AVDA. FRANCISCO SALZILLO, 27, SAN GINES (MURCIA)<\/td><td><a href=\"mailto:%20info.murcia@bc3.es\">info.murcia@bc3.es<\/a><\/td><td><a href=\"callto: +34 968 880 820\">+34 968 880 820<\/a><\/td><\/tr><tr><td>BC3 COCINAS<\/td><td>BRICOLEADER VALENCIA, S.L.<\/td><td>B97341739<\/td><td>C\/ CAMI MISANA, 23, ALBERIC, 46260 (VALENCIA)<\/td><td><a href=\"mailto:%20info.valencia@bc3.es\">info.valencia@bc3.es<\/a><\/td><td><a href=\"callto: +34 962 446 231\">+34 962 446 231<\/a><\/td><\/tr><tr><td>BC3 COCINAS<\/td><td>BRICOLEADER SEVILLA, S.L.<\/td><td>B91290346<\/td><td>C\/ RIO VIEJO, 60, DOS HERMANAS, 41700 (SEVILLA)<\/td><td><a href=\"mailto:%20info.sevilla@bc3.es\">info.sevilla@bc3.es<\/a><\/td><td><a href=\"callto: +34 954 931 398\">+34 954 931 398<\/a><\/td><\/tr><tr><td>BC3 COCINAS<\/td><td>BRICOLEADER CATALUNYA S.L.<\/td><td>B65347007<\/td><td>P. IND. LLEVANT, C\/ LA BASSA, 11 NAVE 5, PARETS DEL VALLES, 08150 (BARCELONA)<\/td><td><a href=\"mailto:%20info.catalunya@bc3.es\">info.catalunya@bc3.es<\/a><\/td><td><a href=\"callto: +34 931 124 438\">+34 931 124 438<\/a><\/td><\/tr><tr><td>BC3 COCINAS<\/td><td>CENDISA S.L.<\/td><td>B18239889<\/td><td>POL. IND. P-30 EL FLORIO, PARCELA 10-14, 18015 (GRANADA)<\/td><td><a href=\"mailto:%20info.granada@bc3.es\">info.granada@bc3.es<\/a><\/td><td><a href=\"callto:+34 958 288 916\">+34 958 288 916<\/a><\/td><\/tr><tr><td>BC3 COCINAS<\/td><td>BRICOLEVANTE S.L.<\/td><td>B03514221<\/td><td>POL. IND. PLA DE LA VALLONGA C\/1 P. 03006 (ALICANTE)<\/td><td><a href=\"mailto:%20info.alicante@bc3.es\">info.alicante@bc3.es<\/a><\/td><td><a href=\"callto:+34 965 11 51 71\">+34 965 11 51 71<\/a><\/td><\/tr><\/tbody><\/table><\/figure>\n\n\n\n<h3 class=\"wp-block-heading\">\u00bfCon qu\u00e9 finalidad tratamos sus datos personales?<\/h3>\n\n\n\n<hr class=\"wp-block-separator\"\/>\n\n\n\n<p>En BC3 COCINAS usamos sus datos personales \u00fanicamente para dar respuesta a las solicitudes remitidas por usted desde los medios facilitados en nuestra web. El tratamiento que realizaremos ser\u00e1 \u00fanicamente atender a las consultas que nos plantee.<\/p>\n\n\n\n<h3 class=\"wp-block-heading\">\u00bfCu\u00e1l es la legitimaci\u00f3n para el tratamiento de sus datos?<\/h3>\n\n\n\n<hr class=\"wp-block-separator\"\/>\n\n\n\n<p>La base legal para el tratamiento de sus datos es el consentimiento informado para dar respuesta a las consultas planteadas a trav\u00e9s de la p\u00e1gina web, lo que supone la aceptaci\u00f3n de estas condiciones por parte del interesado.<\/p>\n\n\n\n<h3 class=\"wp-block-heading\">\u00bfA qu\u00e9 destinatarios se comunicar\u00e1n sus datos?<\/h3>\n\n\n\n<hr class=\"wp-block-separator\"\/>\n\n\n\n<p>Los datos personales no ser\u00e1n proporcionados a terceros salvo obligaci\u00f3n legal<\/p>\n\n\n\n<h3 class=\"wp-block-heading\">\u00bfPor cu\u00e1nto tiempo conservaremos sus datos?<\/h3>\n\n\n\n<hr class=\"wp-block-separator\"\/>\n\n\n\n<p>Los datos ser\u00e1n conservados el tiempo necesario para dar respuesta a las consultas, y posteriormente 12 meses para evitar posibles errores o malentendidos.<\/p>\n\n\n\n<h3 class=\"wp-block-heading\">\u00bfCu\u00e1les son sus derechos cuando nos facilita sus datos?<\/h3>\n\n\n\n<hr class=\"wp-block-separator\"\/>\n\n\n\n<p>Tiene derecho a obtener confirmaci\u00f3n sobre si en BC3 COCINAS estamos tratando datos personales que les conciernan, o no. Tambi\u00e9n tiene derecho a acceder a sus datos personales, as\u00ed como a solicitar la rectificaci\u00f3n de los datos inexactos o, en su caso, solicitar su supresi\u00f3n cuando, entre otros motivos, los datos ya no sean necesarios para los fines que fueron recogidos, as\u00ed como solicitar la portabilidad de los mismos.<br><br>En determinadas circunstancias, podr\u00e1 solicitar la limitaci\u00f3n del tratamiento de sus datos, en cuyo caso \u00fanicamente los conservaremos para el ejercicio o la defensa de reclamaciones. Por motivos relacionados con su situaci\u00f3n particular, tambi\u00e9n podr\u00e1 oponerse al tratamiento de sus datos.<br><br>BC3 COCINAS dejar\u00e1 de tratar los datos, salvo por motivos leg\u00edtimos imperiosos, o el ejercicio o la defensa de posibles reclamaciones. Recuerde que en todo momento podr\u00e1 presentar una reclamaci\u00f3n ante la autoridad de control.<br><\/p>\n\n\n\n<h3 class=\"wp-block-heading\">\u00bfC\u00f3mo hemos obtenido sus datos?<\/h3>\n\n\n\n<hr class=\"wp-block-separator\"\/>\n\n\n\n<p>Los datos personales que tratamos han sido proporcionados directamente por usted a trav\u00e9s de los diferentes formularios de los que dispone la p\u00e1gina web.<br><br>\u00danicamente se tratar\u00e1n los datos identificativos y de contacto facilitados.<\/p>\n","protected":false},"excerpt":{"rendered":"<p>BC3 COCINAS informa seguidamente de su pol\u00edtica de privacidad aplicada a los datos personales. El uso de la p\u00e1gina web no implica que el usuario deba suministrar informaci\u00f3n alguna respecto a su identidad, no pudiendo ser asociada a un usuario concreto por la empresa. En el supuesto que se suministre datos de car\u00e1cter de personal, [&hellip;]<\/p>\n","protected":false},"author":10,"featured_media":0,"parent":0,"menu_order":0,"comment_status":"closed","ping_status":"closed","template":"","meta":{"_monsterinsights_skip_tracking":false,"_monsterinsights_sitenote_active":false,"_monsterinsights_sitenote_note":"","_monsterinsights_sitenote_category":0,"footnotes":""},"class_list":["post-3854","page","type-page","status-publish","hentry"],"_links":{"self":[{"href":"https:\/\/bc3.es\/fr\/wp-json\/wp\/v2\/pages\/3854","targetHints":{"allow":["GET"]}}],"collection":[{"href":"https:\/\/bc3.es\/fr\/wp-json\/wp\/v2\/pages"}],"about":[{"href":"https:\/\/bc3.es\/fr\/wp-json\/wp\/v2\/types\/page"}],"author":[{"embeddable":true,"href":"https:\/\/bc3.es\/fr\/wp-json\/wp\/v2\/users\/10"}],"replies":[{"embeddable":true,"href":"https:\/\/bc3.es\/fr\/wp-json\/wp\/v2\/comments?post=3854"}],"version-history":[{"count":1,"href":"https:\/\/bc3.es\/fr\/wp-json\/wp\/v2\/pages\/3854\/revisions"}],"predecessor-version":[{"id":3864,"href":"https:\/\/bc3.es\/fr\/wp-json\/wp\/v2\/pages\/3854\/revisions\/3864"}],"wp:attachment":[{"href":"https:\/\/bc3.es\/fr\/wp-json\/wp\/v2\/media?parent=3854"}],"curies":[{"name":"wp","href":"https:\/\/api.w.org\/{rel}","templated":true}]}}